{"id":1584,"date":"2020-12-29T09:11:15","date_gmt":"2020-12-29T09:11:15","guid":{"rendered":"https:\/\/ohie.pivotmarketing.com\/histoires-dincidence\/"},"modified":"2021-02-05T18:31:38","modified_gmt":"2021-02-05T23:31:38","slug":"histoires-dincidence","status":"publish","type":"page","link":"https:\/\/tmp.ohie.org\/fr\/histoires-dincidence\/","title":{"rendered":"Histoires d\u2019incidence"},"content":{"rendered":"","protected":false},"excerpt":{"rendered":"","protected":false},"author":1,"featured_media":0,"parent":0,"menu_order":30,"comment_status":"closed","ping_status":"closed","template":"outcomes.php","meta":[],"components":[],"acf":[],"yoast_head":"<!-- This site is optimized with the Yoast SEO plugin v20.9 - https:\/\/yoast.com\/wordpress\/plugins\/seo\/ -->\n<title>Histoires d\u2019incidence - OpenHIE<\/title>\n<meta name=\"robots\" content=\"noindex, follow, max-snippet:-1, max-image-preview:large, max-video-preview:-1\" \/>\n<meta property=\"og:locale\" content=\"fr_FR\" \/>\n<meta property=\"og:type\" content=\"article\" \/>\n<meta property=\"og:title\" content=\"Histoires d\u2019incidence - OpenHIE\" \/>\n<meta property=\"og:url\" content=\"https:\/\/tmp.ohie.org\/fr\/histoires-dincidence\/\" \/>\n<meta property=\"og:site_name\" content=\"OpenHIE\" \/>\n<meta property=\"article:modified_time\" content=\"2021-02-05T23:31:38+00:00\" \/>\n<meta name=\"twitter:card\" content=\"summary_large_image\" \/>\n<script type=\"application\/ld+json\" class=\"yoast-schema-graph\">{\"@context\":\"https:\/\/schema.org\",\"@graph\":[{\"@type\":\"WebPage\",\"@id\":\"https:\/\/tmp.ohie.org\/fr\/histoires-dincidence\/\",\"url\":\"https:\/\/tmp.ohie.org\/fr\/histoires-dincidence\/\",\"name\":\"Histoires d\u2019incidence - OpenHIE\",\"isPartOf\":{\"@id\":\"https:\/\/tmp.ohie.org\/fr\/#website\"},\"datePublished\":\"2020-12-29T09:11:15+00:00\",\"dateModified\":\"2021-02-05T23:31:38+00:00\",\"breadcrumb\":{\"@id\":\"https:\/\/tmp.ohie.org\/fr\/histoires-dincidence\/#breadcrumb\"},\"inLanguage\":\"fr-FR\",\"potentialAction\":[{\"@type\":\"ReadAction\",\"target\":[\"https:\/\/tmp.ohie.org\/fr\/histoires-dincidence\/\"]}]},{\"@type\":\"BreadcrumbList\",\"@id\":\"https:\/\/tmp.ohie.org\/fr\/histoires-dincidence\/#breadcrumb\",\"itemListElement\":[{\"@type\":\"ListItem\",\"position\":1,\"name\":\"Home\",\"item\":\"https:\/\/tmp.ohie.org\/fr\/\"},{\"@type\":\"ListItem\",\"position\":2,\"name\":\"Histoires d\u2019incidence\"}]},{\"@type\":\"WebSite\",\"@id\":\"https:\/\/tmp.ohie.org\/fr\/#website\",\"url\":\"https:\/\/tmp.ohie.org\/fr\/\",\"name\":\"OpenHIE\",\"description\":\"Am\u00e9liorer les r\u00e9sultats en mati\u00e8re de sant\u00e9 pour les communaut\u00e9s disposant de ressources \u00e9mergentes\",\"potentialAction\":[{\"@type\":\"SearchAction\",\"target\":{\"@type\":\"EntryPoint\",\"urlTemplate\":\"https:\/\/tmp.ohie.org\/fr\/?s={search_term_string}\"},\"query-input\":\"required name=search_term_string\"}],\"inLanguage\":\"fr-FR\"}]}<\/script>\n<!-- \/ Yoast SEO plugin. -->","yoast_head_json":{"title":"Histoires d\u2019incidence - OpenHIE","robots":{"index":"noindex","follow":"follow","max-snippet":"max-snippet:-1","max-image-preview":"max-image-preview:large","max-video-preview":"max-video-preview:-1"},"og_locale":"fr_FR","og_type":"article","og_title":"Histoires d\u2019incidence - OpenHIE","og_url":"https:\/\/tmp.ohie.org\/fr\/histoires-dincidence\/","og_site_name":"OpenHIE","article_modified_time":"2021-02-05T23:31:38+00:00","twitter_card":"summary_large_image","schema":{"@context":"https:\/\/schema.org","@graph":[{"@type":"WebPage","@id":"https:\/\/tmp.ohie.org\/fr\/histoires-dincidence\/","url":"https:\/\/tmp.ohie.org\/fr\/histoires-dincidence\/","name":"Histoires d\u2019incidence - OpenHIE","isPartOf":{"@id":"https:\/\/tmp.ohie.org\/fr\/#website"},"datePublished":"2020-12-29T09:11:15+00:00","dateModified":"2021-02-05T23:31:38+00:00","breadcrumb":{"@id":"https:\/\/tmp.ohie.org\/fr\/histoires-dincidence\/#breadcrumb"},"inLanguage":"fr-FR","potentialAction":[{"@type":"ReadAction","target":["https:\/\/tmp.ohie.org\/fr\/histoires-dincidence\/"]}]},{"@type":"BreadcrumbList","@id":"https:\/\/tmp.ohie.org\/fr\/histoires-dincidence\/#breadcrumb","itemListElement":[{"@type":"ListItem","position":1,"name":"Home","item":"https:\/\/tmp.ohie.org\/fr\/"},{"@type":"ListItem","position":2,"name":"Histoires d\u2019incidence"}]},{"@type":"WebSite","@id":"https:\/\/tmp.ohie.org\/fr\/#website","url":"https:\/\/tmp.ohie.org\/fr\/","name":"OpenHIE","description":"Am\u00e9liorer les r\u00e9sultats en mati\u00e8re de sant\u00e9 pour les communaut\u00e9s disposant de ressources \u00e9mergentes","potentialAction":[{"@type":"SearchAction","target":{"@type":"EntryPoint","urlTemplate":"https:\/\/tmp.ohie.org\/fr\/?s={search_term_string}"},"query-input":"required name=search_term_string"}],"inLanguage":"fr-FR"}]}},"_links":{"self":[{"href":"https:\/\/tmp.ohie.org\/fr\/wp-json\/wp\/v2\/pages\/1584"}],"collection":[{"href":"https:\/\/tmp.ohie.org\/fr\/wp-json\/wp\/v2\/pages"}],"about":[{"href":"https:\/\/tmp.ohie.org\/fr\/wp-json\/wp\/v2\/types\/page"}],"author":[{"embeddable":true,"href":"https:\/\/tmp.ohie.org\/fr\/wp-json\/wp\/v2\/users\/1"}],"replies":[{"embeddable":true,"href":"https:\/\/tmp.ohie.org\/fr\/wp-json\/wp\/v2\/comments?post=1584"}],"version-history":[{"count":0,"href":"https:\/\/tmp.ohie.org\/fr\/wp-json\/wp\/v2\/pages\/1584\/revisions"}],"wp:attachment":[{"href":"https:\/\/tmp.ohie.org\/fr\/wp-json\/wp\/v2\/media?parent=1584"}],"wp:term":[{"taxonomy":"components","embeddable":true,"href":"https:\/\/tmp.ohie.org\/fr\/wp-json\/wp\/v2\/components?post=1584"}],"curies":[{"name":"wp","href":"https:\/\/api.w.org\/{rel}","templated":true}]}}