{"id":1754,"date":"2021-01-13T21:21:08","date_gmt":"2021-01-13T21:21:08","guid":{"rendered":"https:\/\/ohie.pivotmarketing.com\/politica-de-privacidad\/"},"modified":"2021-02-05T18:31:40","modified_gmt":"2021-02-05T23:31:40","slug":"politica-de-privacidad","status":"publish","type":"page","link":"https:\/\/tmp.ohie.org\/es\/politica-de-privacidad\/","title":{"rendered":"Pol\u00edtica de privacidad"},"content":{"rendered":"&#13;\n<h2 class=\"wp-block-heading\">\u00bfQui\u00e9nes somos?<\/h2>&#13;\n&#13;\n<p>La direcci\u00f3n de nuestro sitio web es: http:\/\/ohie.local\/.<\/p>&#13;\n&#13;\n<h2 class=\"wp-block-heading\">\u00bfQu\u00e9 datos personales recopilamos y por qu\u00e9 los recopilamos?<\/h2>&#13;\n&#13;\n<h3 class=\"wp-block-heading\">Comentarios<\/h3>&#13;\n&#13;\n<p>Cuando los visitantes dejan comentarios en el sitio, recopilamos los datos que se muestran en el formulario de comentarios, y tambi\u00e9n la direcci\u00f3n IP del visitante y la cadena del agente de usuario del navegador para contribuir con la detecci\u00f3n de spam.<\/p>&#13;\n&#13;\n<p>Una cadena an\u00f3nima creada a partir de su direcci\u00f3n de correo electr\u00f3nico (tambi\u00e9n llamada &#8220;hash&#8221;) se puede proporcionar al servicio Gravatar para ver si lo est\u00e1 utilizando. La pol\u00edtica de privacidad del servicio Gravatar est\u00e1 disponible aqu\u00ed: https:\/\/automattic.com\/privacy\/. Despu\u00e9s de la aprobaci\u00f3n de su comentario, su foto de perfil ser\u00e1 visible para el p\u00fablico en el contexto de su comentario.<\/p>&#13;\n&#13;\n<h3 class=\"wp-block-heading\">Medios<\/h3>&#13;\n&#13;\n<p>Si sube im\u00e1genes al sitio web, debe evitar hacerlo con datos de localizaci\u00f3n incrustados (EXIF GPS) incluidos. Los visitantes del sitio web pueden descargar y extraer cualquier dato de ubicaci\u00f3n de las im\u00e1genes del sitio web.<\/p>&#13;\n&#13;\n<h3 class=\"wp-block-heading\">Formularios de contacto<\/h3>&#13;\n&#13;\n<h3 class=\"wp-block-heading\">Cookies<\/h3>&#13;\n&#13;\n<p>Si deja un comentario en nuestro sitio web, puede optar por guardar su nombre, direcci\u00f3n de correo electr\u00f3nico y sitio web en las cookies. Esto es por su comodidad, para que no tenga que volver a llenar sus datos cuando deje otro comentario. Estas cookies durar\u00e1n un a\u00f1o.<\/p>&#13;\n&#13;\n<p>Si visita nuestra p\u00e1gina de inicio de sesi\u00f3n, crearemos una cookie temporal para determinar si su navegador acepta cookies. Esta cookie no contiene datos personales y se descarta cuando usted cierra el navegador.<\/p>&#13;\n&#13;\n<p>Cuando inicie sesi\u00f3n, tambi\u00e9n configuraremos varias cookies para guardar su informaci\u00f3n de inicio de sesi\u00f3n y sus opciones de visualizaci\u00f3n de pantalla. Las cookies de inicio de sesi\u00f3n duran dos d\u00edas, y las cookies de opciones de pantalla duran un a\u00f1o. Si elige &#8220;Recu\u00e9rdame&#8221;, su informaci\u00f3n de inicio de sesi\u00f3n durar\u00e1 dos semanas. Si cierra la sesi\u00f3n de su cuenta, las cookies de inicio de sesi\u00f3n se eliminar\u00e1n.<\/p>&#13;\n&#13;\n<p>Si edita o publica un art\u00edculo, se guardar\u00e1 una cookie adicional en su navegador. Esta cookie no incluye ning\u00fan dato personal y s\u00f3lo indica la identificaci\u00f3n de la publicaci\u00f3n del art\u00edculo que acaba de editar. Expira despu\u00e9s de 1 d\u00eda.<\/p>&#13;\n&#13;\n<h3 class=\"wp-block-heading\">Contenido incrustado de otros sitios web<\/h3>&#13;\n&#13;\n<p>Los art\u00edculos de este sitio pueden incluir contenido incrustado (por ejemplo, videos, im\u00e1genes, art\u00edculos, etc.). El contenido incrustado de otros sitios web se comporta exactamente de la misma manera que si el visitante hubiera visitado el otro sitio web.<\/p>&#13;\n&#13;\n<p>Estos sitios web pueden recopilar datos sobre usted, utilizar cookies, incluir un seguimiento adicional de terceros y supervisar su interacci\u00f3n con el contenido incrustado, incluido el seguimiento de su interacci\u00f3n con el contenido incrustado si tiene una cuenta y ha iniciado sesi\u00f3n en ese sitio web.<\/p>&#13;\n&#13;\n<h3 class=\"wp-block-heading\">An\u00e1lisis<\/h3>&#13;\n&#13;\n<h2 class=\"wp-block-heading\">\u00bfCon qui\u00e9n compartimos sus datos?<\/h2>&#13;\n&#13;\n<h2 class=\"wp-block-heading\">\u00bfPor cu\u00e1nto tiempo retenemos sus datos?<\/h2>&#13;\n&#13;\n<p>Si deja un comentario, el comentario y sus metadatos se conservan indefinidamente. Esto es as\u00ed para que podamos reconocer y aprobar los comentarios de seguimiento autom\u00e1ticamente en lugar de mantenerlos en una cola de moderaci\u00f3n.<\/p>&#13;\n&#13;\n<p>En el caso de los usuarios que se registran en nuestro sitio web (de haberlos), tambi\u00e9n almacenamos la informaci\u00f3n personal que proporcionan en su perfil de usuario. Todos los usuarios pueden ver, editar o eliminar su informaci\u00f3n personal en cualquier momento (con la excepci\u00f3n de que no pueden cambiar su nombre de usuario). Los administradores del sitio web tambi\u00e9n pueden ver y editar esa informaci\u00f3n.<\/p>&#13;\n&#13;\n<h2 class=\"wp-block-heading\">\u00bfQu\u00e9 derechos tiene sobre sus datos?<\/h2>&#13;\n&#13;\n<p>Si tiene una cuenta en este sitio, o ha dejado comentarios, puede solicitar que se le env\u00ede un archivo exportado de los datos personales que tenemos sobre usted, incluyendo cualquier dato que nos haya proporcionado. Tambi\u00e9n puede solicitar que borremos cualquier dato personal que tengamos sobre usted. Esto no incluye ning\u00fan dato que estemos obligados a conservar por motivos administrativos, legales o de seguridad.<\/p>&#13;\n&#13;\n<h2 class=\"wp-block-heading\">\u00bfA d\u00f3nde enviamos sus datos?<\/h2>&#13;\n&#13;\n<p>Los comentarios de los visitantes se pueden revisar a trav\u00e9s de un servicio automatizado de detecci\u00f3n de spam.<\/p>&#13;\n&#13;\n<h2 class=\"wp-block-heading\">Su informaci\u00f3n de contacto<\/h2>&#13;\n&#13;\n<h2 class=\"wp-block-heading\">Informaci\u00f3n adicional<\/h2>&#13;\n&#13;\n<h3 class=\"wp-block-heading\">\u00bfC\u00f3mo protegemos sus datos?<\/h3>&#13;\n&#13;\n<h3 class=\"wp-block-heading\">\u00bfQu\u00e9 procedimientos de violaci\u00f3n de datos tenemos implementados?<\/h3>&#13;\n&#13;\n<h3 class=\"wp-block-heading\">\u00bfDe qu\u00e9 terceras partes recibimos datos?<\/h3>&#13;\n&#13;\n<h3 class=\"wp-block-heading\">\u00bfQu\u00e9 decisiones automatizadas tomamos y qu\u00e9 perfiles hacemos con los datos de los usuarios?<\/h3>&#13;\n&#13;\n<h3 class=\"wp-block-heading\">Requisitos de divulgaci\u00f3n reglamentarios de la industria<\/h3>&#13;\n","protected":false},"excerpt":{"rendered":"<p>&#13; \u00bfQui\u00e9nes somos? &#13; &#13; La direcci\u00f3n de nuestro sitio web es: http:\/\/ohie.local\/. &#13; &#13; \u00bfQu\u00e9 datos personales recopilamos y por qu\u00e9 los recopilamos? &#13; &#13; Comentarios &#13; &#13; Cuando los visitantes dejan comentarios en el sitio, recopilamos los datos &hellip;<\/p>\n","protected":false},"author":1,"featured_media":0,"parent":0,"menu_order":42,"comment_status":"closed","ping_status":"closed","template":"","meta":[],"components":[],"acf":[],"yoast_head":"<!-- This site is optimized with the Yoast SEO plugin v20.9 - https:\/\/yoast.com\/wordpress\/plugins\/seo\/ -->\n<title>Pol\u00edtica de privacidad - OpenHIE<\/title>\n<meta name=\"robots\" content=\"noindex, follow, max-snippet:-1, max-image-preview:large, max-video-preview:-1\" \/>\n<meta property=\"og:locale\" content=\"es_ES\" \/>\n<meta property=\"og:type\" content=\"article\" \/>\n<meta property=\"og:title\" content=\"Pol\u00edtica de privacidad - OpenHIE\" \/>\n<meta property=\"og:description\" content=\"&#013; \u00bfQui\u00e9nes somos? &#013; &#013; La direcci\u00f3n de nuestro sitio web es: http:\/\/ohie.local\/. &#013; &#013; \u00bfQu\u00e9 datos personales recopilamos y por qu\u00e9 los recopilamos? &#013; &#013; Comentarios &#013; &#013; Cuando los visitantes dejan comentarios en el sitio, recopilamos los datos &hellip;\" \/>\n<meta property=\"og:url\" content=\"https:\/\/tmp.ohie.org\/es\/politica-de-privacidad\/\" \/>\n<meta property=\"og:site_name\" content=\"OpenHIE\" \/>\n<meta property=\"article:modified_time\" content=\"2021-02-05T23:31:40+00:00\" \/>\n<meta name=\"twitter:card\" content=\"summary_large_image\" \/>\n<meta name=\"twitter:label1\" content=\"Est. reading time\" \/>\n\t<meta name=\"twitter:data1\" content=\"4 minutes\" \/>\n<script type=\"application\/ld+json\" class=\"yoast-schema-graph\">{\"@context\":\"https:\/\/schema.org\",\"@graph\":[{\"@type\":\"WebPage\",\"@id\":\"https:\/\/tmp.ohie.org\/es\/politica-de-privacidad\/\",\"url\":\"https:\/\/tmp.ohie.org\/es\/politica-de-privacidad\/\",\"name\":\"Pol\u00edtica de privacidad - OpenHIE\",\"isPartOf\":{\"@id\":\"https:\/\/tmp.ohie.org\/es\/#website\"},\"datePublished\":\"2021-01-13T21:21:08+00:00\",\"dateModified\":\"2021-02-05T23:31:40+00:00\",\"breadcrumb\":{\"@id\":\"https:\/\/tmp.ohie.org\/es\/politica-de-privacidad\/#breadcrumb\"},\"inLanguage\":\"es-ES\",\"potentialAction\":[{\"@type\":\"ReadAction\",\"target\":[\"https:\/\/tmp.ohie.org\/es\/politica-de-privacidad\/\"]}]},{\"@type\":\"BreadcrumbList\",\"@id\":\"https:\/\/tmp.ohie.org\/es\/politica-de-privacidad\/#breadcrumb\",\"itemListElement\":[{\"@type\":\"ListItem\",\"position\":1,\"name\":\"Home\",\"item\":\"https:\/\/tmp.ohie.org\/es\/\"},{\"@type\":\"ListItem\",\"position\":2,\"name\":\"Pol\u00edtica de privacidad\"}]},{\"@type\":\"WebSite\",\"@id\":\"https:\/\/tmp.ohie.org\/es\/#website\",\"url\":\"https:\/\/tmp.ohie.org\/es\/\",\"name\":\"OpenHIE\",\"description\":\"Improving health outcomes for resource emerging communities\",\"potentialAction\":[{\"@type\":\"SearchAction\",\"target\":{\"@type\":\"EntryPoint\",\"urlTemplate\":\"https:\/\/tmp.ohie.org\/es\/?s={search_term_string}\"},\"query-input\":\"required name=search_term_string\"}],\"inLanguage\":\"es-ES\"}]}<\/script>\n<!-- \/ Yoast SEO plugin. -->","yoast_head_json":{"title":"Pol\u00edtica de privacidad - OpenHIE","robots":{"index":"noindex","follow":"follow","max-snippet":"max-snippet:-1","max-image-preview":"max-image-preview:large","max-video-preview":"max-video-preview:-1"},"og_locale":"es_ES","og_type":"article","og_title":"Pol\u00edtica de privacidad - OpenHIE","og_description":"&#13; \u00bfQui\u00e9nes somos? &#13; &#13; La direcci\u00f3n de nuestro sitio web es: http:\/\/ohie.local\/. &#13; &#13; \u00bfQu\u00e9 datos personales recopilamos y por qu\u00e9 los recopilamos? &#13; &#13; Comentarios &#13; &#13; Cuando los visitantes dejan comentarios en el sitio, recopilamos los datos &hellip;","og_url":"https:\/\/tmp.ohie.org\/es\/politica-de-privacidad\/","og_site_name":"OpenHIE","article_modified_time":"2021-02-05T23:31:40+00:00","twitter_card":"summary_large_image","twitter_misc":{"Est. reading time":"4 minutes"},"schema":{"@context":"https:\/\/schema.org","@graph":[{"@type":"WebPage","@id":"https:\/\/tmp.ohie.org\/es\/politica-de-privacidad\/","url":"https:\/\/tmp.ohie.org\/es\/politica-de-privacidad\/","name":"Pol\u00edtica de privacidad - OpenHIE","isPartOf":{"@id":"https:\/\/tmp.ohie.org\/es\/#website"},"datePublished":"2021-01-13T21:21:08+00:00","dateModified":"2021-02-05T23:31:40+00:00","breadcrumb":{"@id":"https:\/\/tmp.ohie.org\/es\/politica-de-privacidad\/#breadcrumb"},"inLanguage":"es-ES","potentialAction":[{"@type":"ReadAction","target":["https:\/\/tmp.ohie.org\/es\/politica-de-privacidad\/"]}]},{"@type":"BreadcrumbList","@id":"https:\/\/tmp.ohie.org\/es\/politica-de-privacidad\/#breadcrumb","itemListElement":[{"@type":"ListItem","position":1,"name":"Home","item":"https:\/\/tmp.ohie.org\/es\/"},{"@type":"ListItem","position":2,"name":"Pol\u00edtica de privacidad"}]},{"@type":"WebSite","@id":"https:\/\/tmp.ohie.org\/es\/#website","url":"https:\/\/tmp.ohie.org\/es\/","name":"OpenHIE","description":"Improving health outcomes for resource emerging communities","potentialAction":[{"@type":"SearchAction","target":{"@type":"EntryPoint","urlTemplate":"https:\/\/tmp.ohie.org\/es\/?s={search_term_string}"},"query-input":"required name=search_term_string"}],"inLanguage":"es-ES"}]}},"_links":{"self":[{"href":"https:\/\/tmp.ohie.org\/es\/wp-json\/wp\/v2\/pages\/1754"}],"collection":[{"href":"https:\/\/tmp.ohie.org\/es\/wp-json\/wp\/v2\/pages"}],"about":[{"href":"https:\/\/tmp.ohie.org\/es\/wp-json\/wp\/v2\/types\/page"}],"author":[{"embeddable":true,"href":"https:\/\/tmp.ohie.org\/es\/wp-json\/wp\/v2\/users\/1"}],"replies":[{"embeddable":true,"href":"https:\/\/tmp.ohie.org\/es\/wp-json\/wp\/v2\/comments?post=1754"}],"version-history":[{"count":0,"href":"https:\/\/tmp.ohie.org\/es\/wp-json\/wp\/v2\/pages\/1754\/revisions"}],"wp:attachment":[{"href":"https:\/\/tmp.ohie.org\/es\/wp-json\/wp\/v2\/media?parent=1754"}],"wp:term":[{"taxonomy":"components","embeddable":true,"href":"https:\/\/tmp.ohie.org\/es\/wp-json\/wp\/v2\/components?post=1754"}],"curies":[{"name":"wp","href":"https:\/\/api.w.org\/{rel}","templated":true}]}}