{"id":1556,"date":"2020-12-28T21:47:50","date_gmt":"2020-12-28T21:47:50","guid":{"rendered":"https:\/\/ohie.pivotmarketing.com\/datenschutzrichtlinie\/"},"modified":"2021-02-05T18:31:36","modified_gmt":"2021-02-05T23:31:36","slug":"datenschutzrichtlinie","status":"publish","type":"page","link":"https:\/\/tmp.ohie.org\/de\/datenschutzrichtlinie\/","title":{"rendered":"Datenschutzrichtlinie"},"content":{"rendered":"&#13;\n<h2 class=\"wp-block-heading\">\u00dcber uns<\/h2>&#13;\n&#13;\n<p>Unsere Website-Adresse lautet: http:\/\/ohie.local\/.<\/p>&#13;\n&#13;\n<h2 class=\"wp-block-heading\">Welche pers\u00f6nlichen Daten wir erheben und warum wir sie erheben<\/h2>&#13;\n&#13;\n<h3 class=\"wp-block-heading\">Bemerkungen<\/h3>&#13;\n&#13;\n<p>Wenn Besucher Kommentare auf der Website hinterlassen, sammeln wir die Daten, die im Kommentarformular angezeigt werden, sowie zur Spam-Erkennung die IP-Adresse und den User-Agent-String des Browsers des Besuchers.<\/p>&#13;\n&#13;\n<p>Eine anonymisierte Zeichenkette, die aus Ihrer E-Mail-Adresse erstellt wird (auch Hash genannt), kann dem Dienstleister Gravatar zur Verf\u00fcgung gestellt werden, um zu sehen, ob Sie ihn verwenden. Die Datenschutzrichtlinien des Dienstleisters Gravatar finden Sie hier: https:\/\/automattic.com\/privacy\/. Nach der Freigabe Ihres Kommentars ist Ihr Profilbild im Kontext Ihres Kommentars \u00f6ffentlich sichtbar.<\/p>&#13;\n&#13;\n<h3 class=\"wp-block-heading\">Media<\/h3>&#13;\n&#13;\n<p>Wenn Sie Bilder auf die Website hochladen, sollten Sie es vermeiden, Bilder hochzuladen, die eingebettete Standortdaten (EXIF GPS) enthalten. Besucher der Website k\u00f6nnen die Standortdaten von Bildern auf der Website herunterladen und extrahieren.<\/p>&#13;\n&#13;\n<h3 class=\"wp-block-heading\">Kontaktformulare<\/h3>&#13;\n&#13;\n<h3 class=\"wp-block-heading\">Cookies<\/h3>&#13;\n&#13;\n<p>Wenn Sie einen Kommentar auf unserer Seite hinterlassen, k\u00f6nnen Sie zustimmen, dass Ihr Name, Ihre E-Mail-Adresse und Ihre Website in Cookies gespeichert werden. Diese dienen der Benutzerfreundlichkeit, damit Sie Ihre Daten nicht erneut eingeben m\u00fcssen, wenn Sie einen weiteren Kommentar hinterlassen. Diese Cookies sind ein Jahr lang g\u00fcltig.<\/p>&#13;\n&#13;\n<p>Wenn Sie unsere Anmeldeseite besuchen, setzen wir ein tempor\u00e4res Cookie, um festzustellen, ob Ihr Browser Cookies zul\u00e4sst. Dieses Cookie enth\u00e4lt keine personenbezogenen Daten und wird gel\u00f6scht, wenn Sie Ihren Browser schlie\u00dfen.<\/p>&#13;\n&#13;\n<p>Wenn Sie sich anmelden, setzen wir auch mehrere Cookies, um Ihre Anmeldeinformationen und Ihre Bildschirmauswahl zu speichern. Anmelde-Cookies bleiben zwei Tage lang erhalten, und Cookies f\u00fcr Bildschirmoptionen bleiben ein Jahr lang erhalten. Wenn Sie \u201eAngemeldet bleiben\u201c w\u00e4hlen, bleibt Ihre Anmeldung zwei Wochen lang erhalten. Wenn Sie sich von Ihrem Konto abmelden, werden die Anmelde-Cookies entfernt.<\/p>&#13;\n&#13;\n<p>Wenn Sie einen Artikel bearbeiten oder ver\u00f6ffentlichen, wird ein zus\u00e4tzliches Cookie in Ihrem Browser gespeichert. Dieses Cookie enth\u00e4lt keine personenbezogenen Daten und zeigt lediglich die Post-ID des Artikels an, den Sie gerade bearbeitet haben. Es verf\u00e4llt nach 1 Tag.<\/p>&#13;\n&#13;\n<h3 class=\"wp-block-heading\">Eingebettete Inhalte von anderen Websites<\/h3>&#13;\n&#13;\n<p>Artikel auf dieser Website k\u00f6nnen eingebettete Inhalte (z. B. Videos, Bilder, Artikel usw.) enthalten. Eingebettete Inhalte von anderen Websites verhalten sich genau so, als ob der Besucher die andere Website besucht h\u00e4tte.<\/p>&#13;\n&#13;\n<p>Diese Websites k\u00f6nnen Daten \u00fcber Sie sammeln, Cookies verwenden, zus\u00e4tzliche Verfolgungen von Drittanbietern einbetten und Ihre Interaktion mit diesem eingebetteten Inhalt \u00fcberwachen, einschlie\u00dflich der Verfolgung Ihrer Interaktion mit dem eingebetteten Inhalt, wenn Sie ein Konto haben und auf dieser Website angemeldet sind.<\/p>&#13;\n&#13;\n<h3 class=\"wp-block-heading\">Analytik<\/h3>&#13;\n&#13;\n<h2 class=\"wp-block-heading\">Mit wem wir Ihre Daten teilen<\/h2>&#13;\n&#13;\n<h2 class=\"wp-block-heading\">Wie lange wir Ihre Daten speichern<\/h2>&#13;\n&#13;\n<p>Wenn Sie einen Kommentar hinterlassen, werden der Kommentar und seine Metadaten auf unbestimmte Zeit gespeichert. Dies dient dazu, dass wir Folgekommentare automatisch erkennen und freigeben k\u00f6nnen, anstatt sie in einer Moderationswarteschlange zu halten.<\/p>&#13;\n&#13;\n<p>F\u00fcr Benutzer, die sich auf unserer Website registrieren (soweit zutreffend), speichern wir auch die personenbezogenen Daten, die sie in ihrem Benutzerprofil angeben. Alle Benutzer k\u00f6nnen die eigenen personenbezogenen Daten jederzeit einsehen, bearbeiten oder l\u00f6schen (Ausnahme: Der Benutzername kann nicht ge\u00e4ndert werden). Website-Administratoren k\u00f6nnen diese Informationen ebenfalls sehen und bearbeiten.<\/p>&#13;\n&#13;\n<h2 class=\"wp-block-heading\">Welche Rechte Sie \u00fcber Ihre Daten haben<\/h2>&#13;\n&#13;\n<p>Wenn Sie ein Konto auf dieser Website haben oder Kommentare hinterlassen haben, k\u00f6nnen Sie beantragen, eine exportierte Datei der personenbezogenen Daten zu erhalten, die wir \u00fcber Sie gespeichert haben, einschlie\u00dflich aller Daten, die Sie uns zur Verf\u00fcgung gestellt haben. Sie k\u00f6nnen auch verlangen, dass wir alle personenbezogenen Daten, die wir \u00fcber Sie gespeichert haben, l\u00f6schen. Dies schlie\u00dft keine Daten ein, die wir aus administrativen, rechtlichen oder sicherheitsrelevanten Gr\u00fcnden aufbewahren m\u00fcssen.<\/p>&#13;\n&#13;\n<h2 class=\"wp-block-heading\">Wohin wir ihre Daten \u00fcbermitteln<\/h2>&#13;\n&#13;\n<p>Besucherkommentare k\u00f6nnen durch einen automatischen Spam-Erkennungsdienst gepr\u00fcft werden.<\/p>&#13;\n&#13;\n<h2 class=\"wp-block-heading\">Ihre Kontaktinformation<\/h2>&#13;\n&#13;\n<h2 class=\"wp-block-heading\">Zus\u00e4tzliche Informationen<\/h2>&#13;\n&#13;\n<h3 class=\"wp-block-heading\">Wie wir Ihre Daten sch\u00fctzen<\/h3>&#13;\n&#13;\n<h3 class=\"wp-block-heading\">Welche Verfahren bei Datenschutzverletzungen wir haben<\/h3>&#13;\n&#13;\n<h3 class=\"wp-block-heading\">Von welchen Drittparteien wir Daten erhalten<\/h3>&#13;\n&#13;\n<h3 class=\"wp-block-heading\">Welche automatisierte Entscheidungsfindung und\/oder Profiling wir mit Nutzerdaten durchf\u00fchren<\/h3>&#13;\n&#13;\n<h3 class=\"wp-block-heading\">Offenlegungspflichten der Branche<\/h3>&#13;\n","protected":false},"excerpt":{"rendered":"<p>&#13; \u00dcber uns &#13; &#13; Unsere Website-Adresse lautet: http:\/\/ohie.local\/. &#13; &#13; Welche pers\u00f6nlichen Daten wir erheben und warum wir sie erheben &#13; &#13; Bemerkungen &#13; &#13; Wenn Besucher Kommentare auf der Website hinterlassen, sammeln wir die Daten, die im Kommentarformular &hellip;<\/p>\n","protected":false},"author":1,"featured_media":0,"parent":0,"menu_order":42,"comment_status":"closed","ping_status":"closed","template":"","meta":[],"components":[],"acf":[],"yoast_head":"<!-- This site is optimized with the Yoast SEO plugin v20.9 - https:\/\/yoast.com\/wordpress\/plugins\/seo\/ -->\n<title>Datenschutzrichtlinie - OpenHIE<\/title>\n<meta name=\"robots\" content=\"noindex, follow, max-snippet:-1, max-image-preview:large, max-video-preview:-1\" \/>\n<meta property=\"og:locale\" content=\"de_DE\" \/>\n<meta property=\"og:type\" content=\"article\" \/>\n<meta property=\"og:title\" content=\"Datenschutzrichtlinie - OpenHIE\" \/>\n<meta property=\"og:description\" content=\"&#013; \u00dcber uns &#013; &#013; Unsere Website-Adresse lautet: http:\/\/ohie.local\/. &#013; &#013; Welche pers\u00f6nlichen Daten wir erheben und warum wir sie erheben &#013; &#013; Bemerkungen &#013; &#013; Wenn Besucher Kommentare auf der Website hinterlassen, sammeln wir die Daten, die im Kommentarformular &hellip;\" \/>\n<meta property=\"og:url\" content=\"https:\/\/tmp.ohie.org\/de\/datenschutzrichtlinie\/\" \/>\n<meta property=\"og:site_name\" content=\"OpenHIE\" \/>\n<meta property=\"article:modified_time\" content=\"2021-02-05T23:31:36+00:00\" \/>\n<meta name=\"twitter:card\" content=\"summary_large_image\" \/>\n<meta name=\"twitter:label1\" content=\"Est. reading time\" \/>\n\t<meta name=\"twitter:data1\" content=\"3 minutes\" \/>\n<script type=\"application\/ld+json\" class=\"yoast-schema-graph\">{\"@context\":\"https:\/\/schema.org\",\"@graph\":[{\"@type\":\"WebPage\",\"@id\":\"https:\/\/tmp.ohie.org\/de\/datenschutzrichtlinie\/\",\"url\":\"https:\/\/tmp.ohie.org\/de\/datenschutzrichtlinie\/\",\"name\":\"Datenschutzrichtlinie - OpenHIE\",\"isPartOf\":{\"@id\":\"https:\/\/tmp.ohie.org\/de\/#website\"},\"datePublished\":\"2020-12-28T21:47:50+00:00\",\"dateModified\":\"2021-02-05T23:31:36+00:00\",\"breadcrumb\":{\"@id\":\"https:\/\/tmp.ohie.org\/de\/datenschutzrichtlinie\/#breadcrumb\"},\"inLanguage\":\"de-DE\",\"potentialAction\":[{\"@type\":\"ReadAction\",\"target\":[\"https:\/\/tmp.ohie.org\/de\/datenschutzrichtlinie\/\"]}]},{\"@type\":\"BreadcrumbList\",\"@id\":\"https:\/\/tmp.ohie.org\/de\/datenschutzrichtlinie\/#breadcrumb\",\"itemListElement\":[{\"@type\":\"ListItem\",\"position\":1,\"name\":\"Home\",\"item\":\"https:\/\/tmp.ohie.org\/de\/\"},{\"@type\":\"ListItem\",\"position\":2,\"name\":\"Datenschutzrichtlinie\"}]},{\"@type\":\"WebSite\",\"@id\":\"https:\/\/tmp.ohie.org\/de\/#website\",\"url\":\"https:\/\/tmp.ohie.org\/de\/\",\"name\":\"OpenHIE\",\"description\":\"Verbesserung der Ergebnisse im Gesundheitswesen f\u00fcr ressourcenschwache Gemeinschaften\",\"potentialAction\":[{\"@type\":\"SearchAction\",\"target\":{\"@type\":\"EntryPoint\",\"urlTemplate\":\"https:\/\/tmp.ohie.org\/de\/?s={search_term_string}\"},\"query-input\":\"required name=search_term_string\"}],\"inLanguage\":\"de-DE\"}]}<\/script>\n<!-- \/ Yoast SEO plugin. -->","yoast_head_json":{"title":"Datenschutzrichtlinie - OpenHIE","robots":{"index":"noindex","follow":"follow","max-snippet":"max-snippet:-1","max-image-preview":"max-image-preview:large","max-video-preview":"max-video-preview:-1"},"og_locale":"de_DE","og_type":"article","og_title":"Datenschutzrichtlinie - OpenHIE","og_description":"&#13; \u00dcber uns &#13; &#13; Unsere Website-Adresse lautet: http:\/\/ohie.local\/. &#13; &#13; Welche pers\u00f6nlichen Daten wir erheben und warum wir sie erheben &#13; &#13; Bemerkungen &#13; &#13; Wenn Besucher Kommentare auf der Website hinterlassen, sammeln wir die Daten, die im Kommentarformular &hellip;","og_url":"https:\/\/tmp.ohie.org\/de\/datenschutzrichtlinie\/","og_site_name":"OpenHIE","article_modified_time":"2021-02-05T23:31:36+00:00","twitter_card":"summary_large_image","twitter_misc":{"Est. reading time":"3 minutes"},"schema":{"@context":"https:\/\/schema.org","@graph":[{"@type":"WebPage","@id":"https:\/\/tmp.ohie.org\/de\/datenschutzrichtlinie\/","url":"https:\/\/tmp.ohie.org\/de\/datenschutzrichtlinie\/","name":"Datenschutzrichtlinie - OpenHIE","isPartOf":{"@id":"https:\/\/tmp.ohie.org\/de\/#website"},"datePublished":"2020-12-28T21:47:50+00:00","dateModified":"2021-02-05T23:31:36+00:00","breadcrumb":{"@id":"https:\/\/tmp.ohie.org\/de\/datenschutzrichtlinie\/#breadcrumb"},"inLanguage":"de-DE","potentialAction":[{"@type":"ReadAction","target":["https:\/\/tmp.ohie.org\/de\/datenschutzrichtlinie\/"]}]},{"@type":"BreadcrumbList","@id":"https:\/\/tmp.ohie.org\/de\/datenschutzrichtlinie\/#breadcrumb","itemListElement":[{"@type":"ListItem","position":1,"name":"Home","item":"https:\/\/tmp.ohie.org\/de\/"},{"@type":"ListItem","position":2,"name":"Datenschutzrichtlinie"}]},{"@type":"WebSite","@id":"https:\/\/tmp.ohie.org\/de\/#website","url":"https:\/\/tmp.ohie.org\/de\/","name":"OpenHIE","description":"Verbesserung der Ergebnisse im Gesundheitswesen f\u00fcr ressourcenschwache Gemeinschaften","potentialAction":[{"@type":"SearchAction","target":{"@type":"EntryPoint","urlTemplate":"https:\/\/tmp.ohie.org\/de\/?s={search_term_string}"},"query-input":"required name=search_term_string"}],"inLanguage":"de-DE"}]}},"_links":{"self":[{"href":"https:\/\/tmp.ohie.org\/de\/wp-json\/wp\/v2\/pages\/1556"}],"collection":[{"href":"https:\/\/tmp.ohie.org\/de\/wp-json\/wp\/v2\/pages"}],"about":[{"href":"https:\/\/tmp.ohie.org\/de\/wp-json\/wp\/v2\/types\/page"}],"author":[{"embeddable":true,"href":"https:\/\/tmp.ohie.org\/de\/wp-json\/wp\/v2\/users\/1"}],"replies":[{"embeddable":true,"href":"https:\/\/tmp.ohie.org\/de\/wp-json\/wp\/v2\/comments?post=1556"}],"version-history":[{"count":0,"href":"https:\/\/tmp.ohie.org\/de\/wp-json\/wp\/v2\/pages\/1556\/revisions"}],"wp:attachment":[{"href":"https:\/\/tmp.ohie.org\/de\/wp-json\/wp\/v2\/media?parent=1556"}],"wp:term":[{"taxonomy":"components","embeddable":true,"href":"https:\/\/tmp.ohie.org\/de\/wp-json\/wp\/v2\/components?post=1556"}],"curies":[{"name":"wp","href":"https:\/\/api.w.org\/{rel}","templated":true}]}}